{"id":2103,"date":"2019-01-16T11:44:53","date_gmt":"2019-01-16T10:44:53","guid":{"rendered":"https:\/\/www.ozion-security.com\/?page_id=2103"},"modified":"2020-04-10T11:16:02","modified_gmt":"2020-04-10T09:16:02","slug":"confidentialite-des-donnees","status":"publish","type":"page","link":"https:\/\/www.ozion-security.com\/en\/confidentialite-des-donnees\/","title":{"rendered":"Data Protection"},"content":{"rendered":"<p>[vc_row][vc_column][vc_column_text text_larger=\u00a0\u00bbno\u00a0\u00bb]<\/p>\n<h1>La confidentialit\u00e9 chez Ozion<\/h1>\n<p>Ozion respecte vos pr\u00e9f\u00e9rences en mati\u00e8re de collecte et d&rsquo;utilisation de vos Informations personnelles. Les politiques de confidentialit\u00e9 suivantes sont adapt\u00e9es aux diff\u00e9rentes fa\u00e7ons dont vos informations personnelles peuvent \u00eatre recueillies, utilis\u00e9es, partag\u00e9es et trait\u00e9es par les diff\u00e9rents secteurs d&rsquo;activit\u00e9 d&rsquo;Ozion :<\/p>\n<h3><strong>Choix en mati\u00e8re de confidentialit\u00e9<\/strong><\/h3>\n<p>Pr\u00e9f\u00e9rences, droit de retrait et m\u00e9canismes d&rsquo;acc\u00e8s pour les r\u00e9sidents de l&rsquo;UE\/EEE<\/p>\n<p>Ozion vous fournit les m\u00e9canismes de choix suivants pour personnaliser et contr\u00f4ler vos pr\u00e9f\u00e9rences concernant vos informations personnelles. Si vous avez une question ou des pr\u00e9occupations \u00e0 l&rsquo;\u00e9gard de l&rsquo;un de ces m\u00e9canismes de choix, veuillez envoyer votre demande par e-mail \u00e0 l&rsquo;adresse suivante qui sera transmise \u00e0 l\u2019\u00e9quipe responsable de la Confidentialit\u00e9 chez Ozion : support@ozion-security.com<\/p>\n<h3><strong>Messagerie \u00e9lectronique<\/strong><\/h3>\n<p>Vous pouvez demander \u00e0 ne plus recevoir de communications marketing par e-mail de la part d&rsquo;Ozion en utilisant notre lien de d\u00e9sabonnement g\u00e9n\u00e9ral pr\u00e9sent dans les e-mails marketing d&rsquo;Ozion.<\/p>\n<h3><strong>Processus d&rsquo;application r\u00e9guli\u00e8re de la loi et de demande d&rsquo;acc\u00e8s des r\u00e9sidents de l&rsquo;UE\/EEE aux donn\u00e9es<\/strong><\/h3>\n<p>Conform\u00e9ment au r\u00e8glement g\u00e9n\u00e9ral de l&rsquo;UE sur la protection des donn\u00e9es (RGPD) et aux autres lois et r\u00e8glements applicables, les personnes physiques dans l&rsquo;UE\/EEE et dans d&rsquo;autres juridictions peuvent avoir des droits leur permettant de demander l&rsquo;acc\u00e8s, la suppression, la rectification, le retrait, la limitation de l&rsquo;utilisation ou l&rsquo;envoi d&rsquo;une copie de leurs informations personnelles en possession d&rsquo;Ozion ou pour lesquelles Ozion est responsable d&rsquo;une quelconque autre mani\u00e8re.<\/p>\n<h2>Droits d&rsquo;acc\u00e8s aux donn\u00e9es des clients, des utilisateurs finaux et des consommateurs Ozion et autres droits<\/h2>\n<p>Conform\u00e9ment au r\u00e8glement g\u00e9n\u00e9ral de l&rsquo;UE sur la protection des donn\u00e9es (RGPD) et aux autres lois et r\u00e8glements applicables, les personnes physiques dans l&rsquo;UE\/EEE et dans d&rsquo;autres juridictions peuvent avoir des droits sp\u00e9cifiques leur permettant de demander l&rsquo;acc\u00e8s, la suppression, la rectification, le retrait, la limitation de l&rsquo;utilisation ou l&rsquo;envoi d&rsquo;une copie de leurs informations personnelles en possession d&rsquo;Ozion ou pour lesquelles Ozion est responsable d\u2019une quelconque autre mani\u00e8re. La liste ci-dessous pr\u00e9sente l&rsquo;ensemble. Les personnes disposant de droits aux portails d\u2019Ozion doivent pouvoir acc\u00e9der \u00e0 leurs donn\u00e9es stock\u00e9es sur ces portails (i) en cliquant sur les liens et en suivant les instructions correspondantes ci-dessous, et (ii) \u00e0 l&rsquo;int\u00e9rieur de chaque portail, en effectuant les actions qu&rsquo;elles choisissent au sujet de leurs donn\u00e9es, telles que la mise \u00e0 jour de leurs coordonn\u00e9es, la suppression de certaines entr\u00e9es ou certains enregistrements, ou le t\u00e9l\u00e9chargement d&rsquo;une copie de leur profil. Veuillez noter que ces actions sont disponibles dans la mesure permise par les fonctionnalit\u00e9s de chaque portail. Dans certains cas, vos demandes peuvent ne pas \u00eatre satisfaites si elles ne sont pas conformes \u00e0 l&rsquo;obligation d&rsquo;Ozion de se conformer \u00e0 ses exigences l\u00e9gales ou op\u00e9rationnelles applicables, par exemple, si les donn\u00e9es sont n\u00e9cessaires \u00e0 l&rsquo;ex\u00e9cution d&rsquo;un contrat entre vous et Ozion.<\/p>\n<p>Si vous disposez des droits ci-dessus et que vous souhaitez les exercer en rapport avec des informations personnelles qui peuvent \u00eatre stock\u00e9es (i) dans des r\u00e9f\u00e9rentiels qui ne sont pas disponibles ci-dessous ou (ii) sur des portails qui ne disposent pas de fonctionnalit\u00e9s vous permettant d&rsquo;effectuer la ou les mesures souhait\u00e9es, vous pouvez d\u00e9poser une demande en l&rsquo;envoyant par email \u00e0 support@ozion-security.com qui sera transmise \u00e0 l\u2019\u00e9quipe \u00a0responsable de la confidentialit\u00e9 chez Ozion.[\/vc_column_text][\/vc_column][\/vc_row]<\/p>","protected":false},"excerpt":{"rendered":"<p>[vc_row][vc_column][vc_column_text text_larger=\u00a0\u00bbno\u00a0\u00bb] La confidentialit\u00e9 chez Ozion Ozion respecte vos pr\u00e9f\u00e9rences en mati\u00e8re de collecte et d&rsquo;utilisation de vos Informations personnelles.<\/p>","protected":false},"author":3,"featured_media":0,"parent":0,"menu_order":0,"comment_status":"closed","ping_status":"closed","template":"","meta":{"footnotes":""},"class_list":["post-2103","page","type-page","status-publish","hentry"],"_links":{"self":[{"href":"https:\/\/www.ozion-security.com\/en\/wp-json\/wp\/v2\/pages\/2103","targetHints":{"allow":["GET"]}}],"collection":[{"href":"https:\/\/www.ozion-security.com\/en\/wp-json\/wp\/v2\/pages"}],"about":[{"href":"https:\/\/www.ozion-security.com\/en\/wp-json\/wp\/v2\/types\/page"}],"author":[{"embeddable":true,"href":"https:\/\/www.ozion-security.com\/en\/wp-json\/wp\/v2\/users\/3"}],"replies":[{"embeddable":true,"href":"https:\/\/www.ozion-security.com\/en\/wp-json\/wp\/v2\/comments?post=2103"}],"version-history":[{"count":0,"href":"https:\/\/www.ozion-security.com\/en\/wp-json\/wp\/v2\/pages\/2103\/revisions"}],"wp:attachment":[{"href":"https:\/\/www.ozion-security.com\/en\/wp-json\/wp\/v2\/media?parent=2103"}],"curies":[{"name":"wp","href":"https:\/\/api.w.org\/{rel}","templated":true}]}}